{"id":313,"date":"2026-01-28T18:02:49","date_gmt":"2026-01-28T15:02:49","guid":{"rendered":"https:\/\/drhalimis.com\/hakkimda\/"},"modified":"2026-02-06T10:06:47","modified_gmt":"2026-02-06T07:06:47","slug":"about-us","status":"publish","type":"page","link":"https:\/\/drhalimis.com\/en\/about-us\/","title":{"rendered":"About Us"},"content":{"rendered":"<h2>Op. Dr. Abdulhalim \u0130\u015f<\/h2>\n<p>He was admitted to Istanbul University Cerrahpa\u015fa Faculty of Medicine in 2003 and graduated in 2009 after completing six years of medical education.<\/p>\n<p>In 2009, he briefly worked as a research assistant in the Department of Physiology at Cerrahpa\u015fa Faculty of Medicine. In 2010, he served for a short period in I\u011fd\u0131r as part of his compulsory public service.<\/p>\n<p>In April 2010, he started his residency training at the ENT Department of Istanbul Taksim Training and Research Hospital and worked there between 2010 and 2014.<\/p>\n<p>During his ENT residency, in addition to intensive training in ENT diseases and surgery, he also received comprehensive training in all emergency surgical treatments in the Emergency Department.<\/p>\n<p>In January 2015, he completed approximately 15 months of compulsory service at Van Erci\u015f State Hospital and then continued to work at the same hospital for another three years.<\/p>\n<p>As a result of his significant service to the region, he was awarded a certificate of achievement by the District Governorship. In 2019, he left Erci\u015f, where he had worked for many years, and started working at Kocaeli Dar\u0131ca Farabi Training and Research Hospital in the ENT Department.<\/p>\n<p>During the COVID-19 pandemic, which affected the whole world starting at the end of 2019, he worked devotedly in all field areas for the treatment of COVID-19 patients.<\/p>\n<p>As of June 2022, he has been providing healthcare services to his patients at his clinic located on Ba\u011fdat Avenue in Kad\u0131k\u00f6y, Istanbul. He is married to Dr. Seval Develi \u0130\u015f and is the father of a daughter named \u0130dil.<\/p>\n<h2>Professional Memberships;<\/h2>\n<ol>\n<li>Facial Plastic Surgery Association<\/li>\n<li>Istanbul Society of Otorhinolaryngology &amp; Head and Neck Surgery Specialists<\/li>\n<li>Istanbul Medical Chamber<\/li>\n<li>Turkish Society of Otorhinolaryngology and Head and Neck Surgery<\/li>\n<\/ol>\n<h2>International Publications;<\/h2>\n<p>1. A New Oxidative Stress Marker for Thiol-Disulphide Homeostasis in Seasonal Allergic Rhinitis. Am J Rhinol Allergy. May 2016.<\/p>\n<p>2. Are People Who Have a Better Smell Sense More Affected by Satiation? Braz J Otorhinolaryngol. 2017.<\/p>\n<p>3. Thiol\/Disulphide Homeostasis as a Novel Indicator of Oxidative Stress in Sudden Sensorineural Hearing Loss. J Laryngol Otol. May 2016.<\/p>\n<p>4. Comparison of the Effects of Nasal Steroids and Montelukast on Olfactory Functions in Patients with Allergic Rhinitis. Eur Ann Otorhinolaryngol Head Neck Dis. Sep 2017.<\/p>\n<p>5. The Effects of Nasal Packing and Transseptal Suturing After Septoplasty on Olfactory Function, Patient Comfort, and Mucociliary Clearance. J Craniofac Surg. Jul 2016.<\/p>\n<p>6. Does Rhinoplasty Reduce Nasal Patency? Ann Otol Rhinol Laryngol. Oct 2014.<\/p>\n\n\t\t<style type=\"text\/css\">\n\t\t\t#gallery-1 {\n\t\t\t\tmargin: auto;\n\t\t\t}\n\t\t\t#gallery-1 .gallery-item {\n\t\t\t\tfloat: left;\n\t\t\t\tmargin-top: 10px;\n\t\t\t\ttext-align: center;\n\t\t\t\twidth: 25%;\n\t\t\t}\n\t\t\t#gallery-1 img {\n\t\t\t\tborder: 2px solid #cfcfcf;\n\t\t\t}\n\t\t\t#gallery-1 .gallery-caption {\n\t\t\t\tmargin-left: 0;\n\t\t\t}\n\t\t\t\/* see gallery_shortcode() in wp-includes\/media.php *\/\n\t\t<\/style>\n\t\t<div id='gallery-1' class='gallery galleryid-313 gallery-columns-4 gallery-size-large'><dl class='gallery-item'>\n\t\t\t<dt class='gallery-icon portrait'>\n\t\t\t\t<a href='https:\/\/drhalimis.com\/wp-content\/uploads\/2026\/02\/4-6984a89949b73-1.webp'><img loading=\"lazy\" decoding=\"async\" width=\"768\" height=\"1024\" src=\"https:\/\/drhalimis.com\/wp-content\/uploads\/2026\/02\/4-6984a89949b73-1-768x1024.webp\" class=\"attachment-large size-large\" alt=\"\" srcset=\"https:\/\/drhalimis.com\/wp-content\/uploads\/2026\/02\/4-6984a89949b73-1-768x1024.webp 768w, https:\/\/drhalimis.com\/wp-content\/uploads\/2026\/02\/4-6984a89949b73-1-225x300.webp 225w, https:\/\/drhalimis.com\/wp-content\/uploads\/2026\/02\/4-6984a89949b73-1-1152x1536.webp 1152w, https:\/\/drhalimis.com\/wp-content\/uploads\/2026\/02\/4-6984a89949b73-1-113x150.webp 113w, https:\/\/drhalimis.com\/wp-content\/uploads\/2026\/02\/4-6984a89949b73-1.webp 1200w\" sizes=\"auto, (max-width: 768px) 100vw, 768px\" title=\"\"><\/a>\n\t\t\t<\/dt><\/dl><dl class='gallery-item'>\n\t\t\t<dt class='gallery-icon portrait'>\n\t\t\t\t<a href='https:\/\/drhalimis.com\/wp-content\/uploads\/2026\/02\/22-1.webp'><img loading=\"lazy\" decoding=\"async\" width=\"768\" height=\"1024\" src=\"https:\/\/drhalimis.com\/wp-content\/uploads\/2026\/02\/22-1-768x1024.webp\" class=\"attachment-large size-large\" alt=\"\" srcset=\"https:\/\/drhalimis.com\/wp-content\/uploads\/2026\/02\/22-1-768x1024.webp 768w, https:\/\/drhalimis.com\/wp-content\/uploads\/2026\/02\/22-1-225x300.webp 225w, https:\/\/drhalimis.com\/wp-content\/uploads\/2026\/02\/22-1-1152x1536.webp 1152w, https:\/\/drhalimis.com\/wp-content\/uploads\/2026\/02\/22-1-113x150.webp 113w, https:\/\/drhalimis.com\/wp-content\/uploads\/2026\/02\/22-1.webp 1200w\" sizes=\"auto, (max-width: 768px) 100vw, 768px\" title=\"\"><\/a>\n\t\t\t<\/dt><\/dl><dl class='gallery-item'>\n\t\t\t<dt class='gallery-icon portrait'>\n\t\t\t\t<a href='https:\/\/drhalimis.com\/wp-content\/uploads\/2026\/02\/klinik-5-2.webp'><img loading=\"lazy\" decoding=\"async\" width=\"768\" height=\"1024\" src=\"https:\/\/drhalimis.com\/wp-content\/uploads\/2026\/02\/klinik-5-2-768x1024.webp\" class=\"attachment-large size-large\" alt=\"\" srcset=\"https:\/\/drhalimis.com\/wp-content\/uploads\/2026\/02\/klinik-5-2-768x1024.webp 768w, https:\/\/drhalimis.com\/wp-content\/uploads\/2026\/02\/klinik-5-2-225x300.webp 225w, https:\/\/drhalimis.com\/wp-content\/uploads\/2026\/02\/klinik-5-2-1152x1536.webp 1152w, https:\/\/drhalimis.com\/wp-content\/uploads\/2026\/02\/klinik-5-2-113x150.webp 113w, https:\/\/drhalimis.com\/wp-content\/uploads\/2026\/02\/klinik-5-2.webp 1200w\" sizes=\"auto, (max-width: 768px) 100vw, 768px\" title=\"\"><\/a>\n\t\t\t<\/dt><\/dl><dl class='gallery-item'>\n\t\t\t<dt class='gallery-icon portrait'>\n\t\t\t\t<a href='https:\/\/drhalimis.com\/wp-content\/uploads\/2026\/02\/19.webp'><img loading=\"lazy\" decoding=\"async\" width=\"768\" height=\"1024\" src=\"https:\/\/drhalimis.com\/wp-content\/uploads\/2026\/02\/19-768x1024.webp\" class=\"attachment-large size-large\" alt=\"\" srcset=\"https:\/\/drhalimis.com\/wp-content\/uploads\/2026\/02\/19-768x1024.webp 768w, https:\/\/drhalimis.com\/wp-content\/uploads\/2026\/02\/19-225x300.webp 225w, https:\/\/drhalimis.com\/wp-content\/uploads\/2026\/02\/19-1152x1536.webp 1152w, https:\/\/drhalimis.com\/wp-content\/uploads\/2026\/02\/19-113x150.webp 113w, https:\/\/drhalimis.com\/wp-content\/uploads\/2026\/02\/19.webp 1200w\" sizes=\"auto, (max-width: 768px) 100vw, 768px\" title=\"\"><\/a>\n\t\t\t<\/dt><\/dl><br style=\"clear: both\" \/><dl class='gallery-item'>\n\t\t\t<dt class='gallery-icon portrait'>\n\t\t\t\t<a href='https:\/\/drhalimis.com\/wp-content\/uploads\/2026\/02\/24.webp'><img loading=\"lazy\" decoding=\"async\" width=\"768\" height=\"1024\" src=\"https:\/\/drhalimis.com\/wp-content\/uploads\/2026\/02\/24-768x1024.webp\" class=\"attachment-large size-large\" alt=\"\" srcset=\"https:\/\/drhalimis.com\/wp-content\/uploads\/2026\/02\/24-768x1024.webp 768w, https:\/\/drhalimis.com\/wp-content\/uploads\/2026\/02\/24-225x300.webp 225w, https:\/\/drhalimis.com\/wp-content\/uploads\/2026\/02\/24-1152x1536.webp 1152w, https:\/\/drhalimis.com\/wp-content\/uploads\/2026\/02\/24-113x150.webp 113w, https:\/\/drhalimis.com\/wp-content\/uploads\/2026\/02\/24.webp 1200w\" sizes=\"auto, (max-width: 768px) 100vw, 768px\" title=\"\"><\/a>\n\t\t\t<\/dt><\/dl><dl class='gallery-item'>\n\t\t\t<dt class='gallery-icon portrait'>\n\t\t\t\t<a href='https:\/\/drhalimis.com\/wp-content\/uploads\/2026\/02\/2-6984a89e5aa0d.webp'><img loading=\"lazy\" decoding=\"async\" width=\"768\" height=\"1024\" src=\"https:\/\/drhalimis.com\/wp-content\/uploads\/2026\/02\/2-6984a89e5aa0d-768x1024.webp\" class=\"attachment-large size-large\" alt=\"\" srcset=\"https:\/\/drhalimis.com\/wp-content\/uploads\/2026\/02\/2-6984a89e5aa0d-768x1024.webp 768w, https:\/\/drhalimis.com\/wp-content\/uploads\/2026\/02\/2-6984a89e5aa0d-225x300.webp 225w, https:\/\/drhalimis.com\/wp-content\/uploads\/2026\/02\/2-6984a89e5aa0d-1152x1536.webp 1152w, https:\/\/drhalimis.com\/wp-content\/uploads\/2026\/02\/2-6984a89e5aa0d-113x150.webp 113w, https:\/\/drhalimis.com\/wp-content\/uploads\/2026\/02\/2-6984a89e5aa0d.webp 1200w\" sizes=\"auto, (max-width: 768px) 100vw, 768px\" title=\"\"><\/a>\n\t\t\t<\/dt><\/dl><dl class='gallery-item'>\n\t\t\t<dt class='gallery-icon portrait'>\n\t\t\t\t<a href='https:\/\/drhalimis.com\/wp-content\/uploads\/2026\/02\/20.webp'><img loading=\"lazy\" decoding=\"async\" width=\"768\" height=\"1024\" src=\"https:\/\/drhalimis.com\/wp-content\/uploads\/2026\/02\/20-768x1024.webp\" class=\"attachment-large size-large\" alt=\"\" srcset=\"https:\/\/drhalimis.com\/wp-content\/uploads\/2026\/02\/20-768x1024.webp 768w, https:\/\/drhalimis.com\/wp-content\/uploads\/2026\/02\/20-225x300.webp 225w, https:\/\/drhalimis.com\/wp-content\/uploads\/2026\/02\/20-1152x1536.webp 1152w, https:\/\/drhalimis.com\/wp-content\/uploads\/2026\/02\/20-113x150.webp 113w, https:\/\/drhalimis.com\/wp-content\/uploads\/2026\/02\/20.webp 1200w\" sizes=\"auto, (max-width: 768px) 100vw, 768px\" title=\"\"><\/a>\n\t\t\t<\/dt><\/dl><dl class='gallery-item'>\n\t\t\t<dt class='gallery-icon portrait'>\n\t\t\t\t<a href='https:\/\/drhalimis.com\/wp-content\/uploads\/2026\/02\/17.webp'><img loading=\"lazy\" decoding=\"async\" width=\"768\" height=\"1024\" src=\"https:\/\/drhalimis.com\/wp-content\/uploads\/2026\/02\/17-768x1024.webp\" class=\"attachment-large size-large\" alt=\"\" srcset=\"https:\/\/drhalimis.com\/wp-content\/uploads\/2026\/02\/17-768x1024.webp 768w, https:\/\/drhalimis.com\/wp-content\/uploads\/2026\/02\/17-225x300.webp 225w, https:\/\/drhalimis.com\/wp-content\/uploads\/2026\/02\/17-1152x1536.webp 1152w, https:\/\/drhalimis.com\/wp-content\/uploads\/2026\/02\/17-113x150.webp 113w, https:\/\/drhalimis.com\/wp-content\/uploads\/2026\/02\/17.webp 1200w\" sizes=\"auto, (max-width: 768px) 100vw, 768px\" title=\"\"><\/a>\n\t\t\t<\/dt><\/dl><br style=\"clear: both\" \/><dl class='gallery-item'>\n\t\t\t<dt class='gallery-icon portrait'>\n\t\t\t\t<a href='https:\/\/drhalimis.com\/wp-content\/uploads\/2026\/02\/klinik-6-1.webp'><img loading=\"lazy\" decoding=\"async\" width=\"768\" height=\"1024\" src=\"https:\/\/drhalimis.com\/wp-content\/uploads\/2026\/02\/klinik-6-1-768x1024.webp\" class=\"attachment-large size-large\" alt=\"\" srcset=\"https:\/\/drhalimis.com\/wp-content\/uploads\/2026\/02\/klinik-6-1-768x1024.webp 768w, https:\/\/drhalimis.com\/wp-content\/uploads\/2026\/02\/klinik-6-1-225x300.webp 225w, https:\/\/drhalimis.com\/wp-content\/uploads\/2026\/02\/klinik-6-1-1152x1536.webp 1152w, https:\/\/drhalimis.com\/wp-content\/uploads\/2026\/02\/klinik-6-1-113x150.webp 113w, https:\/\/drhalimis.com\/wp-content\/uploads\/2026\/02\/klinik-6-1.webp 1200w\" sizes=\"auto, (max-width: 768px) 100vw, 768px\" title=\"\"><\/a>\n\t\t\t<\/dt><\/dl><dl class='gallery-item'>\n\t\t\t<dt class='gallery-icon portrait'>\n\t\t\t\t<a href='https:\/\/drhalimis.com\/wp-content\/uploads\/2026\/02\/5-6984a89836f88.webp'><img loading=\"lazy\" decoding=\"async\" width=\"768\" height=\"1024\" src=\"https:\/\/drhalimis.com\/wp-content\/uploads\/2026\/02\/5-6984a89836f88-768x1024.webp\" class=\"attachment-large size-large\" alt=\"\" srcset=\"https:\/\/drhalimis.com\/wp-content\/uploads\/2026\/02\/5-6984a89836f88-768x1024.webp 768w, https:\/\/drhalimis.com\/wp-content\/uploads\/2026\/02\/5-6984a89836f88-225x300.webp 225w, https:\/\/drhalimis.com\/wp-content\/uploads\/2026\/02\/5-6984a89836f88-1152x1536.webp 1152w, https:\/\/drhalimis.com\/wp-content\/uploads\/2026\/02\/5-6984a89836f88-113x150.webp 113w, https:\/\/drhalimis.com\/wp-content\/uploads\/2026\/02\/5-6984a89836f88.webp 1200w\" sizes=\"auto, (max-width: 768px) 100vw, 768px\" title=\"\"><\/a>\n\t\t\t<\/dt><\/dl><dl class='gallery-item'>\n\t\t\t<dt class='gallery-icon portrait'>\n\t\t\t\t<a href='https:\/\/drhalimis.com\/wp-content\/uploads\/2026\/02\/klinik-3-2.webp'><img loading=\"lazy\" decoding=\"async\" width=\"768\" height=\"1024\" src=\"https:\/\/drhalimis.com\/wp-content\/uploads\/2026\/02\/klinik-3-2-768x1024.webp\" class=\"attachment-large size-large\" alt=\"\" srcset=\"https:\/\/drhalimis.com\/wp-content\/uploads\/2026\/02\/klinik-3-2-768x1024.webp 768w, https:\/\/drhalimis.com\/wp-content\/uploads\/2026\/02\/klinik-3-2-225x300.webp 225w, https:\/\/drhalimis.com\/wp-content\/uploads\/2026\/02\/klinik-3-2-1152x1536.webp 1152w, https:\/\/drhalimis.com\/wp-content\/uploads\/2026\/02\/klinik-3-2-113x150.webp 113w, https:\/\/drhalimis.com\/wp-content\/uploads\/2026\/02\/klinik-3-2.webp 1200w\" sizes=\"auto, (max-width: 768px) 100vw, 768px\" title=\"\"><\/a>\n\t\t\t<\/dt><\/dl><dl class='gallery-item'>\n\t\t\t<dt class='gallery-icon portrait'>\n\t\t\t\t<a href='https:\/\/drhalimis.com\/wp-content\/uploads\/2026\/02\/18.webp'><img loading=\"lazy\" decoding=\"async\" width=\"768\" height=\"1024\" src=\"https:\/\/drhalimis.com\/wp-content\/uploads\/2026\/02\/18-768x1024.webp\" class=\"attachment-large size-large\" alt=\"\" srcset=\"https:\/\/drhalimis.com\/wp-content\/uploads\/2026\/02\/18-768x1024.webp 768w, https:\/\/drhalimis.com\/wp-content\/uploads\/2026\/02\/18-225x300.webp 225w, https:\/\/drhalimis.com\/wp-content\/uploads\/2026\/02\/18-1152x1536.webp 1152w, https:\/\/drhalimis.com\/wp-content\/uploads\/2026\/02\/18-113x150.webp 113w, https:\/\/drhalimis.com\/wp-content\/uploads\/2026\/02\/18.webp 1200w\" sizes=\"auto, (max-width: 768px) 100vw, 768px\" title=\"\"><\/a>\n\t\t\t<\/dt><\/dl><br style=\"clear: both\" \/>\n\t\t<\/div>\n\n","protected":false},"excerpt":{"rendered":"<p>Op. Dr. Abdulhalim \u0130\u015f He was admitted to Istanbul University Cerrahpa\u015fa Faculty of Medicine in 2003 and graduated in 2009 after completing six years of medical education. In 2009, he briefly worked as a research assistant in the Department of Physiology at Cerrahpa\u015fa Faculty of Medicine. In 2010, he served for a short period in [&hellip;]<\/p>\n","protected":false},"author":1,"featured_media":453,"parent":0,"menu_order":0,"comment_status":"closed","ping_status":"closed","template":"","meta":{"footnotes":""},"class_list":["post-313","page","type-page","status-publish","has-post-thumbnail","hentry"],"_links":{"self":[{"href":"https:\/\/drhalimis.com\/en\/wp-json\/wp\/v2\/pages\/313","targetHints":{"allow":["GET"]}}],"collection":[{"href":"https:\/\/drhalimis.com\/en\/wp-json\/wp\/v2\/pages"}],"about":[{"href":"https:\/\/drhalimis.com\/en\/wp-json\/wp\/v2\/types\/page"}],"author":[{"embeddable":true,"href":"https:\/\/drhalimis.com\/en\/wp-json\/wp\/v2\/users\/1"}],"replies":[{"embeddable":true,"href":"https:\/\/drhalimis.com\/en\/wp-json\/wp\/v2\/comments?post=313"}],"version-history":[{"count":4,"href":"https:\/\/drhalimis.com\/en\/wp-json\/wp\/v2\/pages\/313\/revisions"}],"predecessor-version":[{"id":454,"href":"https:\/\/drhalimis.com\/en\/wp-json\/wp\/v2\/pages\/313\/revisions\/454"}],"wp:featuredmedia":[{"embeddable":true,"href":"https:\/\/drhalimis.com\/en\/wp-json\/wp\/v2\/media\/453"}],"wp:attachment":[{"href":"https:\/\/drhalimis.com\/en\/wp-json\/wp\/v2\/media?parent=313"}],"curies":[{"name":"wp","href":"https:\/\/api.w.org\/{rel}","templated":true}]}}